{"id":115,"date":"2022-11-16T15:22:07","date_gmt":"2022-11-16T15:22:07","guid":{"rendered":"http:\/\/thecreativecreatures.com\/?post_type=product&#038;p=115"},"modified":"2026-04-03T14:15:08","modified_gmt":"2026-04-03T14:15:08","slug":"choo","status":"publish","type":"product","link":"https:\/\/thecreativecreatures.com\/es\/producto\/choo","title":{"rendered":"Choo"},"content":{"rendered":"<p>Cuchara de postre de Borosilicato<\/p>\n<p>A\u00f1ade dulzura a tu d\u00eda a d\u00eda con Choo. Gracias a su material resistente a las altas temperaturas es igual de bueno para tu caf\u00e9 como para un adorable postre.<\/p>\n<p>&nbsp;<\/p>\n<p><strong>Materials:<\/strong> Borosilicato<\/p>\n<p><strong>Size<\/strong>: 16x3x1cm<\/p>\n<p>&nbsp;<\/p>","protected":false},"excerpt":{"rendered":"<p>Cuchara de postre de Borosilicato<\/p>","protected":false},"featured_media":118,"comment_status":"open","ping_status":"closed","template":"","meta":[],"product_brand":[],"product_cat":[25,19],"product_tag":[],"class_list":{"0":"post-115","1":"product","2":"type-product","3":"status-publish","4":"has-post-thumbnail","6":"product_cat-coffee-shop","7":"product_cat-mugs","9":"first","10":"instock","11":"taxable","12":"shipping-taxable","13":"purchasable","14":"product-type-simple"},"yoast_head":"<!-- This site is optimized with the Yoast SEO plugin v27.3 - https:\/\/yoast.com\/product\/yoast-seo-wordpress\/ -->\n<title>Choo - The Creative Creatures<\/title>\n<meta name=\"robots\" content=\"index, follow, max-snippet:-1, max-image-preview:large, max-video-preview:-1\" \/>\n<link rel=\"canonical\" href=\"https:\/\/thecreativecreatures.com\/es\/producto\/choo\/\" \/>\n<meta property=\"og:locale\" content=\"es_ES\" \/>\n<meta property=\"og:type\" content=\"article\" \/>\n<meta property=\"og:title\" content=\"Choo - The Creative Creatures\" \/>\n<meta property=\"og:description\" content=\"Borosilicate dessert spoon\" \/>\n<meta property=\"og:url\" content=\"https:\/\/thecreativecreatures.com\/es\/producto\/choo\/\" \/>\n<meta property=\"og:site_name\" content=\"The Creative Creatures\" \/>\n<meta property=\"article:modified_time\" content=\"2026-04-03T14:15:08+00:00\" \/>\n<meta property=\"og:image\" content=\"https:\/\/thecreativecreatures.com\/wp-content\/uploads\/2022\/11\/borosilicate-spoon-Choo-2.jpg\" \/>\n\t<meta property=\"og:image:width\" content=\"600\" \/>\n\t<meta property=\"og:image:height\" content=\"600\" \/>\n\t<meta property=\"og:image:type\" content=\"image\/jpeg\" \/>\n<meta name=\"twitter:card\" content=\"summary_large_image\" \/>\n<script type=\"application\/ld+json\" class=\"yoast-schema-graph\">{\"@context\":\"https:\\\/\\\/schema.org\",\"@graph\":[{\"@type\":\"WebPage\",\"@id\":\"https:\\\/\\\/thecreativecreatures.com\\\/product\\\/choo\",\"url\":\"https:\\\/\\\/thecreativecreatures.com\\\/product\\\/choo\",\"name\":\"Choo - The Creative Creatures\",\"isPartOf\":{\"@id\":\"https:\\\/\\\/thecreativecreatures.com\\\/#website\"},\"primaryImageOfPage\":{\"@id\":\"https:\\\/\\\/thecreativecreatures.com\\\/product\\\/choo#primaryimage\"},\"image\":{\"@id\":\"https:\\\/\\\/thecreativecreatures.com\\\/product\\\/choo#primaryimage\"},\"thumbnailUrl\":\"https:\\\/\\\/thecreativecreatures.com\\\/wp-content\\\/uploads\\\/2022\\\/11\\\/borosilicate-spoon-Choo-2.jpg\",\"datePublished\":\"2022-11-16T15:22:07+00:00\",\"dateModified\":\"2026-04-03T14:15:08+00:00\",\"breadcrumb\":{\"@id\":\"https:\\\/\\\/thecreativecreatures.com\\\/product\\\/choo#breadcrumb\"},\"inLanguage\":\"es\",\"potentialAction\":[{\"@type\":\"ReadAction\",\"target\":[\"https:\\\/\\\/thecreativecreatures.com\\\/product\\\/choo\"]}]},{\"@type\":\"ImageObject\",\"inLanguage\":\"es\",\"@id\":\"https:\\\/\\\/thecreativecreatures.com\\\/product\\\/choo#primaryimage\",\"url\":\"https:\\\/\\\/thecreativecreatures.com\\\/wp-content\\\/uploads\\\/2022\\\/11\\\/borosilicate-spoon-Choo-2.jpg\",\"contentUrl\":\"https:\\\/\\\/thecreativecreatures.com\\\/wp-content\\\/uploads\\\/2022\\\/11\\\/borosilicate-spoon-Choo-2.jpg\",\"width\":600,\"height\":600},{\"@type\":\"BreadcrumbList\",\"@id\":\"https:\\\/\\\/thecreativecreatures.com\\\/product\\\/choo#breadcrumb\",\"itemListElement\":[{\"@type\":\"ListItem\",\"position\":1,\"name\":\"Home\",\"item\":\"https:\\\/\\\/thecreativecreatures.com\\\/\"},{\"@type\":\"ListItem\",\"position\":2,\"name\":\"Shop\",\"item\":\"https:\\\/\\\/thecreativecreatures.com\\\/shop\"},{\"@type\":\"ListItem\",\"position\":3,\"name\":\"Choo\"}]},{\"@type\":\"WebSite\",\"@id\":\"https:\\\/\\\/thecreativecreatures.com\\\/#website\",\"url\":\"https:\\\/\\\/thecreativecreatures.com\\\/\",\"name\":\"The Creative Creatures\",\"description\":\"\",\"publisher\":{\"@id\":\"https:\\\/\\\/thecreativecreatures.com\\\/#organization\"},\"potentialAction\":[{\"@type\":\"SearchAction\",\"target\":{\"@type\":\"EntryPoint\",\"urlTemplate\":\"https:\\\/\\\/thecreativecreatures.com\\\/?s={search_term_string}\"},\"query-input\":{\"@type\":\"PropertyValueSpecification\",\"valueRequired\":true,\"valueName\":\"search_term_string\"}}],\"inLanguage\":\"es\"},{\"@type\":\"Organization\",\"@id\":\"https:\\\/\\\/thecreativecreatures.com\\\/#organization\",\"name\":\"The Creative Creatures\",\"url\":\"https:\\\/\\\/thecreativecreatures.com\\\/\",\"logo\":{\"@type\":\"ImageObject\",\"inLanguage\":\"es\",\"@id\":\"https:\\\/\\\/thecreativecreatures.com\\\/#\\\/schema\\\/logo\\\/image\\\/\",\"url\":\"https:\\\/\\\/thecreativecreatures.com\\\/wp-content\\\/uploads\\\/2022\\\/11\\\/cropped-Sin-titulo-1.png\",\"contentUrl\":\"https:\\\/\\\/thecreativecreatures.com\\\/wp-content\\\/uploads\\\/2022\\\/11\\\/cropped-Sin-titulo-1.png\",\"width\":327,\"height\":163,\"caption\":\"The Creative Creatures\"},\"image\":{\"@id\":\"https:\\\/\\\/thecreativecreatures.com\\\/#\\\/schema\\\/logo\\\/image\\\/\"},\"sameAs\":[\"https:\\\/\\\/www.instagram.com\\\/the.creativecreatures\\\/\"]}]}<\/script>\n<!-- \/ Yoast SEO plugin. -->","yoast_head_json":{"title":"Choo - The Creative Creatures","robots":{"index":"index","follow":"follow","max-snippet":"max-snippet:-1","max-image-preview":"max-image-preview:large","max-video-preview":"max-video-preview:-1"},"canonical":"https:\/\/thecreativecreatures.com\/es\/producto\/choo\/","og_locale":"es_ES","og_type":"article","og_title":"Choo - The Creative Creatures","og_description":"Borosilicate dessert spoon","og_url":"https:\/\/thecreativecreatures.com\/es\/producto\/choo\/","og_site_name":"The Creative Creatures","article_modified_time":"2026-04-03T14:15:08+00:00","og_image":[{"width":600,"height":600,"url":"https:\/\/thecreativecreatures.com\/wp-content\/uploads\/2022\/11\/borosilicate-spoon-Choo-2.jpg","type":"image\/jpeg"}],"twitter_card":"summary_large_image","schema":{"@context":"https:\/\/schema.org","@graph":[{"@type":"WebPage","@id":"https:\/\/thecreativecreatures.com\/product\/choo","url":"https:\/\/thecreativecreatures.com\/product\/choo","name":"Choo - The Creative Creatures","isPartOf":{"@id":"https:\/\/thecreativecreatures.com\/#website"},"primaryImageOfPage":{"@id":"https:\/\/thecreativecreatures.com\/product\/choo#primaryimage"},"image":{"@id":"https:\/\/thecreativecreatures.com\/product\/choo#primaryimage"},"thumbnailUrl":"https:\/\/thecreativecreatures.com\/wp-content\/uploads\/2022\/11\/borosilicate-spoon-Choo-2.jpg","datePublished":"2022-11-16T15:22:07+00:00","dateModified":"2026-04-03T14:15:08+00:00","breadcrumb":{"@id":"https:\/\/thecreativecreatures.com\/product\/choo#breadcrumb"},"inLanguage":"es","potentialAction":[{"@type":"ReadAction","target":["https:\/\/thecreativecreatures.com\/product\/choo"]}]},{"@type":"ImageObject","inLanguage":"es","@id":"https:\/\/thecreativecreatures.com\/product\/choo#primaryimage","url":"https:\/\/thecreativecreatures.com\/wp-content\/uploads\/2022\/11\/borosilicate-spoon-Choo-2.jpg","contentUrl":"https:\/\/thecreativecreatures.com\/wp-content\/uploads\/2022\/11\/borosilicate-spoon-Choo-2.jpg","width":600,"height":600},{"@type":"BreadcrumbList","@id":"https:\/\/thecreativecreatures.com\/product\/choo#breadcrumb","itemListElement":[{"@type":"ListItem","position":1,"name":"Home","item":"https:\/\/thecreativecreatures.com\/"},{"@type":"ListItem","position":2,"name":"Shop","item":"https:\/\/thecreativecreatures.com\/shop"},{"@type":"ListItem","position":3,"name":"Choo"}]},{"@type":"WebSite","@id":"https:\/\/thecreativecreatures.com\/#website","url":"https:\/\/thecreativecreatures.com\/","name":"The Creative Creatures","description":"","publisher":{"@id":"https:\/\/thecreativecreatures.com\/#organization"},"potentialAction":[{"@type":"SearchAction","target":{"@type":"EntryPoint","urlTemplate":"https:\/\/thecreativecreatures.com\/?s={search_term_string}"},"query-input":{"@type":"PropertyValueSpecification","valueRequired":true,"valueName":"search_term_string"}}],"inLanguage":"es"},{"@type":"Organization","@id":"https:\/\/thecreativecreatures.com\/#organization","name":"The Creative Creatures","url":"https:\/\/thecreativecreatures.com\/","logo":{"@type":"ImageObject","inLanguage":"es","@id":"https:\/\/thecreativecreatures.com\/#\/schema\/logo\/image\/","url":"https:\/\/thecreativecreatures.com\/wp-content\/uploads\/2022\/11\/cropped-Sin-titulo-1.png","contentUrl":"https:\/\/thecreativecreatures.com\/wp-content\/uploads\/2022\/11\/cropped-Sin-titulo-1.png","width":327,"height":163,"caption":"The Creative Creatures"},"image":{"@id":"https:\/\/thecreativecreatures.com\/#\/schema\/logo\/image\/"},"sameAs":["https:\/\/www.instagram.com\/the.creativecreatures\/"]}]}},"_links":{"self":[{"href":"https:\/\/thecreativecreatures.com\/es\/wp-json\/wp\/v2\/product\/115","targetHints":{"allow":["GET"]}}],"collection":[{"href":"https:\/\/thecreativecreatures.com\/es\/wp-json\/wp\/v2\/product"}],"about":[{"href":"https:\/\/thecreativecreatures.com\/es\/wp-json\/wp\/v2\/types\/product"}],"replies":[{"embeddable":true,"href":"https:\/\/thecreativecreatures.com\/es\/wp-json\/wp\/v2\/comments?post=115"}],"version-history":[{"count":1,"href":"https:\/\/thecreativecreatures.com\/es\/wp-json\/wp\/v2\/product\/115\/revisions"}],"predecessor-version":[{"id":600,"href":"https:\/\/thecreativecreatures.com\/es\/wp-json\/wp\/v2\/product\/115\/revisions\/600"}],"wp:featuredmedia":[{"embeddable":true,"href":"https:\/\/thecreativecreatures.com\/es\/wp-json\/wp\/v2\/media\/118"}],"wp:attachment":[{"href":"https:\/\/thecreativecreatures.com\/es\/wp-json\/wp\/v2\/media?parent=115"}],"wp:term":[{"taxonomy":"product_brand","embeddable":true,"href":"https:\/\/thecreativecreatures.com\/es\/wp-json\/wp\/v2\/product_brand?post=115"},{"taxonomy":"product_cat","embeddable":true,"href":"https:\/\/thecreativecreatures.com\/es\/wp-json\/wp\/v2\/product_cat?post=115"},{"taxonomy":"product_tag","embeddable":true,"href":"https:\/\/thecreativecreatures.com\/es\/wp-json\/wp\/v2\/product_tag?post=115"}],"curies":[{"name":"wp","href":"https:\/\/api.w.org\/{rel}","templated":true}]}}